{"id":6,"date":"2021-06-15T17:41:42","date_gmt":"2021-06-15T17:41:42","guid":{"rendered":"https:\/\/unestuki.fi\/?page_id=6"},"modified":"2021-06-16T10:12:46","modified_gmt":"2021-06-16T10:12:46","slug":"etusivu","status":"publish","type":"page","link":"https:\/\/unestuki.fi\/","title":{"rendered":"UNES Oy &#8211; unestuki.fi"},"content":{"rendered":"\n<p class=\"has-text-align-left\">UNES ohjelmistojen tuoreimmat p\u00e4ivitykset ja asennuspaketit.<\/p>\n\n\n\n<p>K\u00e4ytt\u00e4m\u00e4mme et\u00e4tukiohjelma on ladattavissa unestuki.fi -sivuilta.<\/p>\n\n\n\n<p>Tiedostojen l\u00e4hetys UNES Oy:n palvelimille.<\/p>\n","protected":false},"excerpt":{"rendered":"<p>UNES ohjelmistojen tuoreimmat p\u00e4ivitykset ja asennuspaketit. K\u00e4ytt\u00e4m\u00e4mme et\u00e4tukiohjelma on ladattavissa unestuki.fi -sivuilta. Tiedostojen l\u00e4hetys UNES Oy:n palvelimille.<\/p>\n","protected":false},"author":1,"featured_media":0,"parent":0,"menu_order":0,"comment_status":"closed","ping_status":"closed","template":"","meta":{"footnotes":""},"class_list":["post-6","page","type-page","status-publish","hentry"],"_links":{"self":[{"href":"https:\/\/unestuki.fi\/index.php?rest_route=\/wp\/v2\/pages\/6","targetHints":{"allow":["GET"]}}],"collection":[{"href":"https:\/\/unestuki.fi\/index.php?rest_route=\/wp\/v2\/pages"}],"about":[{"href":"https:\/\/unestuki.fi\/index.php?rest_route=\/wp\/v2\/types\/page"}],"author":[{"embeddable":true,"href":"https:\/\/unestuki.fi\/index.php?rest_route=\/wp\/v2\/users\/1"}],"replies":[{"embeddable":true,"href":"https:\/\/unestuki.fi\/index.php?rest_route=%2Fwp%2Fv2%2Fcomments&post=6"}],"version-history":[{"count":5,"href":"https:\/\/unestuki.fi\/index.php?rest_route=\/wp\/v2\/pages\/6\/revisions"}],"predecessor-version":[{"id":125,"href":"https:\/\/unestuki.fi\/index.php?rest_route=\/wp\/v2\/pages\/6\/revisions\/125"}],"wp:attachment":[{"href":"https:\/\/unestuki.fi\/index.php?rest_route=%2Fwp%2Fv2%2Fmedia&parent=6"}],"curies":[{"name":"wp","href":"https:\/\/api.w.org\/{rel}","templated":true}]}}